{"id":6459,"date":"2020-09-21T10:34:27","date_gmt":"2020-09-21T08:34:27","guid":{"rendered":"https:\/\/urbanana.de\/impressum\/"},"modified":"2024-04-09T07:47:16","modified_gmt":"2024-04-09T05:47:16","slug":"impressum","status":"publish","type":"page","link":"https:\/\/urbanana.de\/de\/impressum\/","title":{"rendered":"Impressum"},"content":{"rendered":"[vc_row type=&#8220;in_container&#8220; full_screen_row_position=&#8220;middle&#8220; column_margin=&#8220;default&#8220; column_direction=&#8220;default&#8220; column_direction_tablet=&#8220;default&#8220; column_direction_phone=&#8220;default&#8220; scene_position=&#8220;center&#8220; top_margin=&#8220;120&#8243; constrain_group_7=&#8220;yes&#8220; bottom_margin=&#8220;120&#8243; top_margin_tablet=&#8220;60&#8243; constrain_group_9=&#8220;yes&#8220; bottom_margin_tablet=&#8220;60&#8243; top_margin_phone=&#8220;30&#8243; constrain_group_11=&#8220;yes&#8220; bottom_margin_phone=&#8220;30&#8243; text_color=&#8220;dark&#8220; text_align=&#8220;left&#8220; row_border_radius=&#8220;none&#8220; row_border_radius_applies=&#8220;bg&#8220; overflow=&#8220;visible&#8220; overlay_strength=&#8220;0.3&#8243; gradient_direction=&#8220;left_to_right&#8220; shape_divider_position=&#8220;bottom&#8220; bg_image_animation=&#8220;none&#8220; gradient_type=&#8220;default&#8220; shape_type=&#8220;&#8220;][vc_column column_padding=&#8220;no-extra-padding&#8220; column_padding_tablet=&#8220;inherit&#8220; column_padding_phone=&#8220;inherit&#8220; column_padding_position=&#8220;all&#8220; column_element_direction_desktop=&#8220;default&#8220; column_element_spacing=&#8220;default&#8220; desktop_text_alignment=&#8220;default&#8220; tablet_text_alignment=&#8220;default&#8220; phone_text_alignment=&#8220;default&#8220; background_color_opacity=&#8220;1&#8243; background_hover_color_opacity=&#8220;1&#8243; column_backdrop_filter=&#8220;none&#8220; column_shadow=&#8220;none&#8220; column_border_radius=&#8220;none&#8220; column_link_target=&#8220;_self&#8220; column_position=&#8220;default&#8220; gradient_direction=&#8220;left_to_right&#8220; overlay_strength=&#8220;0.3&#8243; width=&#8220;1\/1&#8243; tablet_width_inherit=&#8220;default&#8220; animation_type=&#8220;default&#8220; bg_image_animation=&#8220;none&#8220; border_type=&#8220;simple&#8220; column_border_width=&#8220;none&#8220; column_border_style=&#8220;solid&#8220;][vc_row_inner column_margin=&#8220;default&#8220; column_direction=&#8220;default&#8220; column_direction_tablet=&#8220;default&#8220; column_direction_phone=&#8220;default&#8220; text_align=&#8220;left&#8220; row_position=&#8220;default&#8220; row_position_tablet=&#8220;inherit&#8220; row_position_phone=&#8220;inherit&#8220; overflow=&#8220;visible&#8220; pointer_events=&#8220;all&#8220;][vc_column_inner column_padding=&#8220;no-extra-padding&#8220; column_padding_tablet=&#8220;inherit&#8220; column_padding_phone=&#8220;inherit&#8220; column_padding_position=&#8220;all&#8220; column_element_direction_desktop=&#8220;default&#8220; column_element_spacing=&#8220;default&#8220; desktop_text_alignment=&#8220;default&#8220; tablet_text_alignment=&#8220;default&#8220; phone_text_alignment=&#8220;default&#8220; background_color_opacity=&#8220;1&#8243; background_hover_color_opacity=&#8220;1&#8243; column_backdrop_filter=&#8220;none&#8220; column_shadow=&#8220;none&#8220; column_border_radius=&#8220;none&#8220; column_link_target=&#8220;_self&#8220; overflow=&#8220;visible&#8220; gradient_direction=&#8220;left_to_right&#8220; overlay_strength=&#8220;0.3&#8243; width=&#8220;1\/1&#8243; tablet_width_inherit=&#8220;default&#8220; animation_type=&#8220;default&#8220; bg_image_animation=&#8220;none&#8220; border_type=&#8220;simple&#8220; column_border_width=&#8220;none&#8220; column_border_style=&#8220;solid&#8220;][vc_column_text]\n<h1 class=\"p1\">Imprint<\/h1>\n<p class=\"p2\">Tourismus NRW e.V.<br \/>\nV\u00f6lklinger Str. 4<br \/>\nD-40219 D\u00fcsseldorf<\/p>\n<p class=\"p2\">Tel: 0211 \/ 91320 \u2013 500<br \/>\nFax: 0211 \/ 91320 \u2013 555<\/p>\n<p class=\"p2\">e-mail: info@nrw-tourismus.de<br \/>\nInternet: www.urbanana.de | <a href=\"https:\/\/www.nrw-tourismus.de\/\"><span class=\"s1\">www.dein-nrw.de<\/span><\/a> | <a href=\"https:\/\/www.touristiker-nrw.de\/\"><span class=\"s1\">www.touristiker-nrw.de<\/span><\/a><\/p>\n<p class=\"p2\">Bildnachweise: Marcel H\u00f6lscher, Quadratauge, Felix Gemein, Joris Felix, Carsten Bohle, Jan Dimog, Alessandra Carpentiere, Miriam Rippers, Franziska Sunderland, K\u00f6lnTourismus, Tourismus NRW, Laura Vennes, Arash Motlagh, D\u00fcsseldorfTourismus, Thomas Baumg\u00e4rtel, Jayznriddim, Carsten Behle, Places VR Festival, Georg Hopp alias F\u00e4nger der Zeit, Joris R. Gorling, J\u00fcrgen Brinkmann, Hendrik Bohle, Markus Luigs, Urban pixels, LOGO, Thomas Baumg\u00e4rtel, Johannes H\u00f6hn, Andreas Endermann<\/p>\n<p class=\"p2\">Vertretungsberechtigter Vorstand: Burkhard Schmidt-Sch\u00f6nefeldt (Vorsitzender des Vorstandes)<\/p>\n<p class=\"p2\">Gesch\u00e4ftsf\u00fchrung: Dr. Heike D\u00f6ll-K\u00f6nig<\/p>\n<p class=\"p2\">Verantwortlicher gem. \u00a7 18 Abs. 2 Medienstaatsvertrag: Markus Delcuve, V\u00f6lklinger Str. 4, D-40219 D\u00fcsseldorf<\/p>\n<p class=\"p2\">Redaktion: Lena Schr\u00e4der, Franziska Sunderland, Laura Vennes<\/p>\n<p class=\"p2\">Registergericht: Amtsgericht D\u00fcsseldorf<\/p>\n<p class=\"p2\">Vereinsregisternummer: VR 10494<\/p>\n<h2 class=\"p2\">Design and Development<\/h2>\n<p class=\"p2\">Oktober Kommunikationsdesign GmbH<br \/>\n<a href=\"http:\/\/oktober.de\/\"><span class=\"s1\">www.oktober.de<\/span><\/a><\/p>\n[\/vc_column_text][\/vc_column_inner][\/vc_row_inner][\/vc_column][\/vc_row]\n","protected":false},"excerpt":{"rendered":"<p>[vc_row type=&#8220;in_container&#8220; full_screen_row_position=&#8220;middle&#8220; column_margin=&#8220;default&#8220; column_direction=&#8220;default&#8220; column_direction_tablet=&#8220;default&#8220; column_direction_phone=&#8220;default&#8220; scene_position=&#8220;center&#8220; top_margin=&#8220;120&#8243; constrain_group_7=&#8220;yes&#8220; bottom_margin=&#8220;120&#8243; top_margin_tablet=&#8220;60&#8243; constrain_group_9=&#8220;yes&#8220; bottom_margin_tablet=&#8220;60&#8243; top_margin_phone=&#8220;30&#8243; constrain_group_11=&#8220;yes&#8220; bottom_margin_phone=&#8220;30&#8243; text_color=&#8220;dark&#8220; text_align=&#8220;left&#8220; row_border_radius=&#8220;none&#8220; row_border_radius_applies=&#8220;bg&#8220; overflow=&#8220;visible&#8220; overlay_strength=&#8220;0.3&#8243; gradient_direction=&#8220;left_to_right&#8220; shape_divider_position=&#8220;bottom&#8220; bg_image_animation=&#8220;none&#8220; gradient_type=&#8220;default&#8220; shape_type=&#8220;&#8220;][vc_column column_padding=&#8220;no-extra-padding&#8220; column_padding_tablet=&#8220;inherit&#8220;&#8230;<\/p>\n","protected":false},"author":1,"featured_media":0,"parent":0,"menu_order":6,"comment_status":"closed","ping_status":"closed","template":"","meta":{"episode_type":"","audio_file":"","podmotor_file_id":"","podmotor_episode_id":"","cover_image":"","cover_image_id":"","duration":"","filesize":"","filesize_raw":"","date_recorded":"","explicit":"","block":"","itunes_episode_number":"","itunes_title":"","itunes_season_number":"","itunes_episode_type":"","footnotes":""},"yoast_head":"<!-- This site is optimized with the Yoast SEO plugin v24.5 - https:\/\/yoast.com\/wordpress\/plugins\/seo\/ -->\n<title>{:gb}Urbanana, the urban jungle of North Rhine-Westphalia: Imprint{:}{:de}urbanana, der Stadtdschungel Nordrhein-Westfalens: Impressum{:}<\/title>\n<meta name=\"description\" content=\"{:gb}In our imprint you will find all information according to \u00a7 5 TMG, including liability regulation and information on copyright.{:}{:de}In unserem Impressum finden Sie alle Angaben gem\u00e4\u00df \u00a7 5 TMG, inklusive Haftungsregelung und Informationen zum Urheberrecht.{:}\" \/>\n<meta name=\"robots\" content=\"index, follow, max-snippet:-1, max-image-preview:large, max-video-preview:-1\" \/>\n<link rel=\"canonical\" href=\"https:\/\/urbanana.de\/de\/impressum\/\" \/>\n<meta property=\"og:locale\" content=\"de_DE\" \/>\n<meta property=\"og:type\" content=\"article\" \/>\n<meta property=\"og:title\" content=\"{:gb}Urbanana, the urban jungle of North Rhine-Westphalia: Imprint{:}{:de}urbanana, der Stadtdschungel Nordrhein-Westfalens: Impressum{:}\" \/>\n<meta property=\"og:description\" content=\"{:gb}In our imprint you will find all information according to \u00a7 5 TMG, including liability regulation and information on copyright.{:}{:de}In unserem Impressum finden Sie alle Angaben gem\u00e4\u00df \u00a7 5 TMG, inklusive Haftungsregelung und Informationen zum Urheberrecht.{:}\" \/>\n<meta property=\"og:url\" content=\"https:\/\/urbanana.de\/de\/impressum\/\" \/>\n<meta property=\"og:site_name\" content=\"urbanana\" \/>\n<meta property=\"article:modified_time\" content=\"2024-04-09T05:47:16+00:00\" \/>\n<meta name=\"twitter:card\" content=\"summary_large_image\" \/>\n<meta name=\"twitter:label1\" content=\"Gesch\u00e4tzte Lesezeit\" \/>\n\t<meta name=\"twitter:data1\" content=\"1\u00a0Minute\" \/>\n<script type=\"application\/ld+json\" class=\"yoast-schema-graph\">{\"@context\":\"https:\/\/schema.org\",\"@graph\":[{\"@type\":\"WebPage\",\"@id\":\"https:\/\/urbanana.de\/de\/impressum\/\",\"url\":\"https:\/\/urbanana.de\/de\/impressum\/\",\"name\":\"{:gb}Urbanana, the urban jungle of North Rhine-Westphalia: Imprint{:}{:de}urbanana, der Stadtdschungel Nordrhein-Westfalens: Impressum{:}\",\"isPartOf\":{\"@id\":\"https:\/\/urbanana.de\/de\/#website\"},\"datePublished\":\"2020-09-21T08:34:27+00:00\",\"dateModified\":\"2024-04-09T05:47:16+00:00\",\"description\":\"{:gb}In our imprint you will find all information according to \u00a7 5 TMG, including liability regulation and information on copyright.{:}{:de}In unserem Impressum finden Sie alle Angaben gem\u00e4\u00df \u00a7 5 TMG, inklusive Haftungsregelung und Informationen zum Urheberrecht.{:}\",\"breadcrumb\":{\"@id\":\"https:\/\/urbanana.de\/de\/impressum\/#breadcrumb\"},\"inLanguage\":\"de\",\"potentialAction\":[{\"@type\":\"ReadAction\",\"target\":[\"https:\/\/urbanana.de\/de\/impressum\/\"]}]},{\"@type\":\"BreadcrumbList\",\"@id\":\"https:\/\/urbanana.de\/de\/impressum\/#breadcrumb\",\"itemListElement\":[{\"@type\":\"ListItem\",\"position\":1,\"name\":\"Startseite\",\"item\":\"https:\/\/urbanana.de\/de\/\"},{\"@type\":\"ListItem\",\"position\":2,\"name\":\"Impressum\"}]},{\"@type\":\"WebSite\",\"@id\":\"https:\/\/urbanana.de\/de\/#website\",\"url\":\"https:\/\/urbanana.de\/de\/\",\"name\":\"urbanana\",\"description\":\"Discover the banana-shaped urban jungle of North Rhine-Westphalia\",\"potentialAction\":[{\"@type\":\"SearchAction\",\"target\":{\"@type\":\"EntryPoint\",\"urlTemplate\":\"https:\/\/urbanana.de\/de\/?s={search_term_string}\"},\"query-input\":{\"@type\":\"PropertyValueSpecification\",\"valueRequired\":true,\"valueName\":\"search_term_string\"}}],\"inLanguage\":\"de\"}]}<\/script>\n<!-- \/ Yoast SEO plugin. -->","yoast_head_json":{"title":"{:gb}Urbanana, the urban jungle of North Rhine-Westphalia: Imprint{:}{:de}urbanana, der Stadtdschungel Nordrhein-Westfalens: Impressum{:}","description":"{:gb}In our imprint you will find all information according to \u00a7 5 TMG, including liability regulation and information on copyright.{:}{:de}In unserem Impressum finden Sie alle Angaben gem\u00e4\u00df \u00a7 5 TMG, inklusive Haftungsregelung und Informationen zum Urheberrecht.{:}","robots":{"index":"index","follow":"follow","max-snippet":"max-snippet:-1","max-image-preview":"max-image-preview:large","max-video-preview":"max-video-preview:-1"},"canonical":"https:\/\/urbanana.de\/de\/impressum\/","og_locale":"de_DE","og_type":"article","og_title":"{:gb}Urbanana, the urban jungle of North Rhine-Westphalia: Imprint{:}{:de}urbanana, der Stadtdschungel Nordrhein-Westfalens: Impressum{:}","og_description":"{:gb}In our imprint you will find all information according to \u00a7 5 TMG, including liability regulation and information on copyright.{:}{:de}In unserem Impressum finden Sie alle Angaben gem\u00e4\u00df \u00a7 5 TMG, inklusive Haftungsregelung und Informationen zum Urheberrecht.{:}","og_url":"https:\/\/urbanana.de\/de\/impressum\/","og_site_name":"urbanana","article_modified_time":"2024-04-09T05:47:16+00:00","twitter_card":"summary_large_image","twitter_misc":{"Gesch\u00e4tzte Lesezeit":"1\u00a0Minute"},"schema":{"@context":"https:\/\/schema.org","@graph":[{"@type":"WebPage","@id":"https:\/\/urbanana.de\/de\/impressum\/","url":"https:\/\/urbanana.de\/de\/impressum\/","name":"{:gb}Urbanana, the urban jungle of North Rhine-Westphalia: Imprint{:}{:de}urbanana, der Stadtdschungel Nordrhein-Westfalens: Impressum{:}","isPartOf":{"@id":"https:\/\/urbanana.de\/de\/#website"},"datePublished":"2020-09-21T08:34:27+00:00","dateModified":"2024-04-09T05:47:16+00:00","description":"{:gb}In our imprint you will find all information according to \u00a7 5 TMG, including liability regulation and information on copyright.{:}{:de}In unserem Impressum finden Sie alle Angaben gem\u00e4\u00df \u00a7 5 TMG, inklusive Haftungsregelung und Informationen zum Urheberrecht.{:}","breadcrumb":{"@id":"https:\/\/urbanana.de\/de\/impressum\/#breadcrumb"},"inLanguage":"de","potentialAction":[{"@type":"ReadAction","target":["https:\/\/urbanana.de\/de\/impressum\/"]}]},{"@type":"BreadcrumbList","@id":"https:\/\/urbanana.de\/de\/impressum\/#breadcrumb","itemListElement":[{"@type":"ListItem","position":1,"name":"Startseite","item":"https:\/\/urbanana.de\/de\/"},{"@type":"ListItem","position":2,"name":"Impressum"}]},{"@type":"WebSite","@id":"https:\/\/urbanana.de\/de\/#website","url":"https:\/\/urbanana.de\/de\/","name":"urbanana","description":"Discover the banana-shaped urban jungle of North Rhine-Westphalia","potentialAction":[{"@type":"SearchAction","target":{"@type":"EntryPoint","urlTemplate":"https:\/\/urbanana.de\/de\/?s={search_term_string}"},"query-input":{"@type":"PropertyValueSpecification","valueRequired":true,"valueName":"search_term_string"}}],"inLanguage":"de"}]}},"_links":{"self":[{"href":"https:\/\/urbanana.de\/de\/wp-json\/wp\/v2\/pages\/6459"}],"collection":[{"href":"https:\/\/urbanana.de\/de\/wp-json\/wp\/v2\/pages"}],"about":[{"href":"https:\/\/urbanana.de\/de\/wp-json\/wp\/v2\/types\/page"}],"author":[{"embeddable":true,"href":"https:\/\/urbanana.de\/de\/wp-json\/wp\/v2\/users\/1"}],"replies":[{"embeddable":true,"href":"https:\/\/urbanana.de\/de\/wp-json\/wp\/v2\/comments?post=6459"}],"version-history":[{"count":2,"href":"https:\/\/urbanana.de\/de\/wp-json\/wp\/v2\/pages\/6459\/revisions"}],"predecessor-version":[{"id":8252,"href":"https:\/\/urbanana.de\/de\/wp-json\/wp\/v2\/pages\/6459\/revisions\/8252"}],"wp:attachment":[{"href":"https:\/\/urbanana.de\/de\/wp-json\/wp\/v2\/media?parent=6459"}],"curies":[{"name":"wp","href":"https:\/\/api.w.org\/{rel}","templated":true}]}}