{"id":6231,"date":"2020-09-22T16:55:21","date_gmt":"2020-09-22T14:55:21","guid":{"rendered":"https:\/\/stage.oktober.de\/urbanana\/urbanana-mag\/urban-pop-culture\/"},"modified":"2022-10-26T14:19:47","modified_gmt":"2022-10-26T12:19:47","slug":"urban-pop-culture","status":"publish","type":"page","link":"https:\/\/urbanana.de\/de\/urbanana-mag\/urban-pop-culture\/","title":{"rendered":"urban pop culture"},"content":{"rendered":"[vc_row type=&#8220;full_width_background&#8220; full_screen_row_position=&#8220;middle&#8220; column_margin=&#8220;default&#8220; column_direction=&#8220;default&#8220; column_direction_tablet=&#8220;default&#8220; column_direction_phone=&#8220;default&#8220; bg_color=&#8220;#89cbc0&#8243; scene_position=&#8220;center&#8220; top_padding=&#8220;240&#8243; bottom_padding=&#8220;40&#8243; text_color=&#8220;dark&#8220; text_align=&#8220;left&#8220; row_border_radius=&#8220;none&#8220; row_border_radius_applies=&#8220;bg&#8220; overflow=&#8220;visible&#8220; overlay_strength=&#8220;0.3&#8243; gradient_direction=&#8220;left_to_right&#8220; shape_divider_position=&#8220;bottom&#8220; bg_image_animation=&#8220;none&#8220; shape_type=&#8220;&#8220;][vc_column column_padding=&#8220;no-extra-padding&#8220; column_padding_tablet=&#8220;inherit&#8220; column_padding_phone=&#8220;inherit&#8220; column_padding_position=&#8220;all&#8220; column_element_direction_desktop=&#8220;default&#8220; column_element_spacing=&#8220;default&#8220; centered_text=&#8220;true&#8220; desktop_text_alignment=&#8220;default&#8220; tablet_text_alignment=&#8220;left&#8220; phone_text_alignment=&#8220;left&#8220; background_color_opacity=&#8220;1&#8243; background_hover_color_opacity=&#8220;1&#8243; column_backdrop_filter=&#8220;none&#8220; column_shadow=&#8220;none&#8220; column_border_radius=&#8220;none&#8220; column_link_target=&#8220;_self&#8220; column_position=&#8220;default&#8220; gradient_direction=&#8220;left_to_right&#8220; overlay_strength=&#8220;0.3&#8243; width=&#8220;1\/1&#8243; tablet_width_inherit=&#8220;default&#8220; animation_type=&#8220;default&#8220; bg_image_animation=&#8220;none&#8220; border_type=&#8220;simple&#8220; column_border_width=&#8220;none&#8220; column_border_style=&#8220;solid&#8220;][vc_row_inner column_margin=&#8220;default&#8220; column_direction=&#8220;default&#8220; column_direction_tablet=&#8220;default&#8220; column_direction_phone=&#8220;default&#8220; text_align=&#8220;left&#8220; row_position=&#8220;default&#8220; row_position_tablet=&#8220;inherit&#8220; row_position_phone=&#8220;inherit&#8220; overflow=&#8220;visible&#8220; pointer_events=&#8220;all&#8220;][vc_column_inner column_padding=&#8220;no-extra-padding&#8220; column_padding_tablet=&#8220;inherit&#8220; column_padding_phone=&#8220;inherit&#8220; column_padding_position=&#8220;all&#8220; column_element_direction_desktop=&#8220;default&#8220; column_element_spacing=&#8220;default&#8220; desktop_text_alignment=&#8220;default&#8220; tablet_text_alignment=&#8220;default&#8220; phone_text_alignment=&#8220;default&#8220; background_color_opacity=&#8220;1&#8243; background_hover_color_opacity=&#8220;1&#8243; column_backdrop_filter=&#8220;none&#8220; column_shadow=&#8220;none&#8220; column_border_radius=&#8220;none&#8220; column_link_target=&#8220;_self&#8220; overflow=&#8220;visible&#8220; gradient_direction=&#8220;left_to_right&#8220; overlay_strength=&#8220;0.3&#8243; width=&#8220;1\/1&#8243; tablet_width_inherit=&#8220;default&#8220; animation_type=&#8220;default&#8220; bg_image_animation=&#8220;none&#8220; border_type=&#8220;simple&#8220; column_border_width=&#8220;none&#8220; column_border_style=&#8220;solid&#8220; offset=&#8220;vc_col-lg-offset-2 vc_col-lg-8&#8243;][vc_custom_heading text=&#8220;urban pop culture&#8220; font_container=&#8220;tag:h1|text_align:center&#8220; use_theme_fonts=&#8220;yes&#8220;][vc_custom_heading text=&#8220;Wir zeigen dir, was wo abgeht! Du bist auf der Suche nach Inspiration oder einer Aktivit\u00e4t f\u00fcr deine Freizeit? Dann bist du auf dieser Seite unseres Blogs genau richtig. Alles was du wissen solltest \u00fcber die urbane Popkultur in urbanana, erf\u00e4hrst du hier. Wir bewegen uns zwischen den Sph\u00e4ren von Musik, Clubkultur, Kunst und allem was irgendwie dazwischen geh\u00f6rt. Los geht&#8217;s!     &#8220; font_container=&#8220;tag:p|text_align:center&#8220; use_theme_fonts=&#8220;yes&#8220;][\/vc_column_inner][\/vc_row_inner][\/vc_column][\/vc_row][vc_row type=&#8220;full_width_content&#8220; full_screen_row_position=&#8220;middle&#8220; column_margin=&#8220;default&#8220; column_direction=&#8220;default&#8220; column_direction_tablet=&#8220;default&#8220; column_direction_phone=&#8220;default&#8220; scene_position=&#8220;center&#8220; bottom_padding=&#8220;120&#8243; bottom_padding_tablet=&#8220;60&#8243; bottom_padding_phone=&#8220;60&#8243; text_color=&#8220;dark&#8220; text_align=&#8220;left&#8220; row_border_radius=&#8220;none&#8220; row_border_radius_applies=&#8220;bg&#8220; overflow=&#8220;visible&#8220; overlay_strength=&#8220;0.3&#8243; gradient_direction=&#8220;left_to_right&#8220; shape_divider_position=&#8220;bottom&#8220; bg_image_animation=&#8220;none&#8220; shape_type=&#8220;&#8220;][vc_column column_padding=&#8220;no-extra-padding&#8220; column_padding_tablet=&#8220;inherit&#8220; column_padding_phone=&#8220;inherit&#8220; column_padding_position=&#8220;all&#8220; column_element_direction_desktop=&#8220;default&#8220; column_element_spacing=&#8220;default&#8220; desktop_text_alignment=&#8220;default&#8220; tablet_text_alignment=&#8220;default&#8220; phone_text_alignment=&#8220;default&#8220; background_color_opacity=&#8220;1&#8243; background_hover_color_opacity=&#8220;1&#8243; column_backdrop_filter=&#8220;none&#8220; column_shadow=&#8220;none&#8220; column_border_radius=&#8220;none&#8220; column_link_target=&#8220;_self&#8220; column_position=&#8220;default&#8220; gradient_direction=&#8220;left_to_right&#8220; overlay_strength=&#8220;0.3&#8243; width=&#8220;1\/1&#8243; tablet_width_inherit=&#8220;default&#8220; animation_type=&#8220;default&#8220; bg_image_animation=&#8220;none&#8220; border_type=&#8220;simple&#8220; column_border_width=&#8220;none&#8220; column_border_style=&#8220;solid&#8220;][recent_posts style=&#8220;single_large_featured&#8220; large_featured_padding=&#8220;10%&#8220; button_color=&#8220;Accent-Color&#8220; bg_overlay=&#8220;solid_color&#8220; category=&#8220;urban-pop-culture&#8220; order=&#8220;DESC&#8220; orderby=&#8220;date&#8220; image_loading=&#8220;lazy-load&#8220;][\/vc_column][\/vc_row][vc_row type=&#8220;in_container&#8220; full_screen_row_position=&#8220;middle&#8220; column_margin=&#8220;default&#8220; column_direction=&#8220;default&#8220; column_direction_tablet=&#8220;default&#8220; column_direction_phone=&#8220;default&#8220; scene_position=&#8220;center&#8220; text_color=&#8220;dark&#8220; text_align=&#8220;left&#8220; row_border_radius=&#8220;none&#8220; row_border_radius_applies=&#8220;bg&#8220; overflow=&#8220;visible&#8220; overlay_strength=&#8220;0.3&#8243; gradient_direction=&#8220;left_to_right&#8220; shape_divider_position=&#8220;bottom&#8220; bg_image_animation=&#8220;none&#8220;][vc_column column_padding=&#8220;no-extra-padding&#8220; column_padding_tablet=&#8220;inherit&#8220; column_padding_phone=&#8220;inherit&#8220; column_padding_position=&#8220;all&#8220; column_element_direction_desktop=&#8220;default&#8220; column_element_spacing=&#8220;default&#8220; desktop_text_alignment=&#8220;default&#8220; tablet_text_alignment=&#8220;default&#8220; phone_text_alignment=&#8220;default&#8220; background_color_opacity=&#8220;1&#8243; background_hover_color_opacity=&#8220;1&#8243; column_backdrop_filter=&#8220;none&#8220; column_shadow=&#8220;none&#8220; column_border_radius=&#8220;none&#8220; column_link_target=&#8220;_self&#8220; column_position=&#8220;default&#8220; gradient_direction=&#8220;left_to_right&#8220; overlay_strength=&#8220;0.3&#8243; width=&#8220;1\/1&#8243; tablet_width_inherit=&#8220;default&#8220; animation_type=&#8220;default&#8220; bg_image_animation=&#8220;none&#8220; border_type=&#8220;simple&#8220; column_border_width=&#8220;none&#8220; column_border_style=&#8220;solid&#8220;][nectar_blog layout=&#8220;std-blog-fullwidth&#8220; blog_standard_style=&#8220;inherit&#8220; load_in_animation=&#8220;fade_in_from_bottom&#8220; category=&#8220;urban-pop-culture&#8220; order=&#8220;DESC&#8220; orderby=&#8220;date&#8220; posts_per_page=&#8220;12&#8243; post_offset=&#8220;1&#8243;][\/vc_column][\/vc_row]\n","protected":false},"excerpt":{"rendered":"<p>[vc_row type=&#8220;full_width_background&#8220; full_screen_row_position=&#8220;middle&#8220; column_margin=&#8220;default&#8220; column_direction=&#8220;default&#8220; column_direction_tablet=&#8220;default&#8220; column_direction_phone=&#8220;default&#8220; bg_color=&#8220;#89cbc0&#8243; scene_position=&#8220;center&#8220; top_padding=&#8220;240&#8243; bottom_padding=&#8220;40&#8243; text_color=&#8220;dark&#8220; text_align=&#8220;left&#8220; row_border_radius=&#8220;none&#8220; row_border_radius_applies=&#8220;bg&#8220; overflow=&#8220;visible&#8220; overlay_strength=&#8220;0.3&#8243; gradient_direction=&#8220;left_to_right&#8220; shape_divider_position=&#8220;bottom&#8220; bg_image_animation=&#8220;none&#8220; shape_type=&#8220;&#8220;][vc_column column_padding=&#8220;no-extra-padding&#8220; column_padding_tablet=&#8220;inherit&#8220; column_padding_phone=&#8220;inherit&#8220; column_padding_position=&#8220;all&#8220; column_element_direction_desktop=&#8220;default&#8220; column_element_spacing=&#8220;default&#8220; centered_text=&#8220;true&#8220; desktop_text_alignment=&#8220;default&#8220; tablet_text_alignment=&#8220;left&#8220;&#8230;<\/p>\n","protected":false},"author":1,"featured_media":0,"parent":5609,"menu_order":0,"comment_status":"closed","ping_status":"closed","template":"","meta":{"episode_type":"","audio_file":"","podmotor_file_id":"","podmotor_episode_id":"","cover_image":"","cover_image_id":"","duration":"","filesize":"","filesize_raw":"","date_recorded":"","explicit":"","block":"","itunes_episode_number":"","itunes_title":"","itunes_season_number":"","itunes_episode_type":"","footnotes":""},"yoast_head":"<!-- This site is optimized with the Yoast SEO plugin v24.5 - https:\/\/yoast.com\/wordpress\/plugins\/seo\/ -->\n<title>Das urbanana mag: Urbane Popkultur<\/title>\n<meta name=\"description\" content=\"Sieh dir unsere neuesten Blogbeitr\u00e4ge \u00fcber urbane Popkultur im bananenf\u00f6rmigen Gro\u00dfstadtdschungel Nordrhein-Westfalens an.\" \/>\n<meta name=\"robots\" content=\"index, follow, max-snippet:-1, max-image-preview:large, max-video-preview:-1\" \/>\n<link rel=\"canonical\" href=\"https:\/\/urbanana.de\/de\/urbanana-mag\/urban-pop-culture\/\" \/>\n<meta property=\"og:locale\" content=\"de_DE\" \/>\n<meta property=\"og:type\" content=\"article\" \/>\n<meta property=\"og:title\" content=\"Das urbanana mag: Urbane Popkultur\" \/>\n<meta property=\"og:description\" content=\"Sieh dir unsere neuesten Blogbeitr\u00e4ge \u00fcber urbane Popkultur im bananenf\u00f6rmigen Gro\u00dfstadtdschungel Nordrhein-Westfalens an.\" \/>\n<meta property=\"og:url\" content=\"https:\/\/urbanana.de\/de\/urbanana-mag\/urban-pop-culture\/\" \/>\n<meta property=\"og:site_name\" content=\"urbanana\" \/>\n<meta property=\"article:modified_time\" content=\"2022-10-26T12:19:47+00:00\" \/>\n<meta name=\"twitter:card\" content=\"summary_large_image\" \/>\n<meta name=\"twitter:label1\" content=\"Gesch\u00e4tzte Lesezeit\" \/>\n\t<meta name=\"twitter:data1\" content=\"4\u00a0Minuten\" \/>\n<script type=\"application\/ld+json\" class=\"yoast-schema-graph\">{\"@context\":\"https:\/\/schema.org\",\"@graph\":[{\"@type\":\"WebPage\",\"@id\":\"https:\/\/urbanana.de\/de\/urbanana-mag\/urban-pop-culture\/\",\"url\":\"https:\/\/urbanana.de\/de\/urbanana-mag\/urban-pop-culture\/\",\"name\":\"Das urbanana mag: Urbane Popkultur\",\"isPartOf\":{\"@id\":\"https:\/\/urbanana.de\/de\/#website\"},\"datePublished\":\"2020-09-22T14:55:21+00:00\",\"dateModified\":\"2022-10-26T12:19:47+00:00\",\"description\":\"Sieh dir unsere neuesten Blogbeitr\u00e4ge \u00fcber urbane Popkultur im bananenf\u00f6rmigen Gro\u00dfstadtdschungel Nordrhein-Westfalens an.\",\"breadcrumb\":{\"@id\":\"https:\/\/urbanana.de\/de\/urbanana-mag\/urban-pop-culture\/#breadcrumb\"},\"inLanguage\":\"de\",\"potentialAction\":[{\"@type\":\"ReadAction\",\"target\":[\"https:\/\/urbanana.de\/de\/urbanana-mag\/urban-pop-culture\/\"]}]},{\"@type\":\"BreadcrumbList\",\"@id\":\"https:\/\/urbanana.de\/de\/urbanana-mag\/urban-pop-culture\/#breadcrumb\",\"itemListElement\":[{\"@type\":\"ListItem\",\"position\":1,\"name\":\"Startseite\",\"item\":\"https:\/\/urbanana.de\/de\/\"},{\"@type\":\"ListItem\",\"position\":2,\"name\":\"urbanana mag\",\"item\":\"https:\/\/urbanana.de\/de\/urbanana-mag\/\"},{\"@type\":\"ListItem\",\"position\":3,\"name\":\"urban pop culture\"}]},{\"@type\":\"WebSite\",\"@id\":\"https:\/\/urbanana.de\/de\/#website\",\"url\":\"https:\/\/urbanana.de\/de\/\",\"name\":\"urbanana\",\"description\":\"Discover the banana-shaped urban jungle of North Rhine-Westphalia\",\"potentialAction\":[{\"@type\":\"SearchAction\",\"target\":{\"@type\":\"EntryPoint\",\"urlTemplate\":\"https:\/\/urbanana.de\/de\/?s={search_term_string}\"},\"query-input\":{\"@type\":\"PropertyValueSpecification\",\"valueRequired\":true,\"valueName\":\"search_term_string\"}}],\"inLanguage\":\"de\"}]}<\/script>\n<!-- \/ Yoast SEO plugin. -->","yoast_head_json":{"title":"Das urbanana mag: Urbane Popkultur","description":"Sieh dir unsere neuesten Blogbeitr\u00e4ge \u00fcber urbane Popkultur im bananenf\u00f6rmigen Gro\u00dfstadtdschungel Nordrhein-Westfalens an.","robots":{"index":"index","follow":"follow","max-snippet":"max-snippet:-1","max-image-preview":"max-image-preview:large","max-video-preview":"max-video-preview:-1"},"canonical":"https:\/\/urbanana.de\/de\/urbanana-mag\/urban-pop-culture\/","og_locale":"de_DE","og_type":"article","og_title":"Das urbanana mag: Urbane Popkultur","og_description":"Sieh dir unsere neuesten Blogbeitr\u00e4ge \u00fcber urbane Popkultur im bananenf\u00f6rmigen Gro\u00dfstadtdschungel Nordrhein-Westfalens an.","og_url":"https:\/\/urbanana.de\/de\/urbanana-mag\/urban-pop-culture\/","og_site_name":"urbanana","article_modified_time":"2022-10-26T12:19:47+00:00","twitter_card":"summary_large_image","twitter_misc":{"Gesch\u00e4tzte Lesezeit":"4\u00a0Minuten"},"schema":{"@context":"https:\/\/schema.org","@graph":[{"@type":"WebPage","@id":"https:\/\/urbanana.de\/de\/urbanana-mag\/urban-pop-culture\/","url":"https:\/\/urbanana.de\/de\/urbanana-mag\/urban-pop-culture\/","name":"Das urbanana mag: Urbane Popkultur","isPartOf":{"@id":"https:\/\/urbanana.de\/de\/#website"},"datePublished":"2020-09-22T14:55:21+00:00","dateModified":"2022-10-26T12:19:47+00:00","description":"Sieh dir unsere neuesten Blogbeitr\u00e4ge \u00fcber urbane Popkultur im bananenf\u00f6rmigen Gro\u00dfstadtdschungel Nordrhein-Westfalens an.","breadcrumb":{"@id":"https:\/\/urbanana.de\/de\/urbanana-mag\/urban-pop-culture\/#breadcrumb"},"inLanguage":"de","potentialAction":[{"@type":"ReadAction","target":["https:\/\/urbanana.de\/de\/urbanana-mag\/urban-pop-culture\/"]}]},{"@type":"BreadcrumbList","@id":"https:\/\/urbanana.de\/de\/urbanana-mag\/urban-pop-culture\/#breadcrumb","itemListElement":[{"@type":"ListItem","position":1,"name":"Startseite","item":"https:\/\/urbanana.de\/de\/"},{"@type":"ListItem","position":2,"name":"urbanana mag","item":"https:\/\/urbanana.de\/de\/urbanana-mag\/"},{"@type":"ListItem","position":3,"name":"urban pop culture"}]},{"@type":"WebSite","@id":"https:\/\/urbanana.de\/de\/#website","url":"https:\/\/urbanana.de\/de\/","name":"urbanana","description":"Discover the banana-shaped urban jungle of North Rhine-Westphalia","potentialAction":[{"@type":"SearchAction","target":{"@type":"EntryPoint","urlTemplate":"https:\/\/urbanana.de\/de\/?s={search_term_string}"},"query-input":{"@type":"PropertyValueSpecification","valueRequired":true,"valueName":"search_term_string"}}],"inLanguage":"de"}]}},"_links":{"self":[{"href":"https:\/\/urbanana.de\/de\/wp-json\/wp\/v2\/pages\/6231"}],"collection":[{"href":"https:\/\/urbanana.de\/de\/wp-json\/wp\/v2\/pages"}],"about":[{"href":"https:\/\/urbanana.de\/de\/wp-json\/wp\/v2\/types\/page"}],"author":[{"embeddable":true,"href":"https:\/\/urbanana.de\/de\/wp-json\/wp\/v2\/users\/1"}],"replies":[{"embeddable":true,"href":"https:\/\/urbanana.de\/de\/wp-json\/wp\/v2\/comments?post=6231"}],"version-history":[{"count":2,"href":"https:\/\/urbanana.de\/de\/wp-json\/wp\/v2\/pages\/6231\/revisions"}],"predecessor-version":[{"id":6233,"href":"https:\/\/urbanana.de\/de\/wp-json\/wp\/v2\/pages\/6231\/revisions\/6233"}],"up":[{"embeddable":true,"href":"https:\/\/urbanana.de\/de\/wp-json\/wp\/v2\/pages\/5609"}],"wp:attachment":[{"href":"https:\/\/urbanana.de\/de\/wp-json\/wp\/v2\/media?parent=6231"}],"curies":[{"name":"wp","href":"https:\/\/api.w.org\/{rel}","templated":true}]}}